{"id":2,"date":"2021-03-07T23:56:06","date_gmt":"2021-03-07T23:56:06","guid":{"rendered":"http:\/\/localhost\/wordpress\/?page_id=2"},"modified":"2021-03-08T22:13:46","modified_gmt":"2021-03-08T22:13:46","slug":"home","status":"publish","type":"page","link":"https:\/\/www.spilberkproduction.cz\/","title":{"rendered":"Home"},"content":{"rendered":"\n<p>Na\u0161e spole\u010dnost byla zalo\u017eena ji\u017e v roce 1994 a nab\u00edz\u00ed zejm\u00e9na tyto slu\u017eby :<\/p>\n\n\n\n<ul class=\"wp-block-list\"><li>tvorbu televizn\u00edch a rozhlasov\u00fdch po\u0159ad\u016f a reklamn\u00edch spot\u016f,<\/li><li>v\u00fdrobu videoklip\u016f,<\/li><li>v\u00fdrobu \u017eiv\u00fdch streamovan\u00fdch po\u0159ad\u016f (koncert\u016f, debat, p\u0159edn\u00e1\u0161ek),<\/li><li>v\u00fdrobu pln\u011b synchronn\u00edho \u010desk\u00e9ho dabingu,<\/li><li>v\u00fdrobu propaga\u010dn\u00edch, instrukt\u00e1\u017en\u00edch, dokument\u00e1rn\u00edch nebo \u010dasosb\u011brn\u00fdch film\u016f,<\/li><li>po\u0159\u00e1d\u00e1n\u00ed kurz\u016f medi\u00e1ln\u00ed prezentace a komunika\u010dn\u00edch dovednost\u00ed,<\/li><li>tvorbu reklamn\u00edch kampan\u00ed a mediapl\u00e1n\u016f,<\/li><li>pron\u00e1jem z\u00e1znamov\u00e9, zvukov\u00e9 a osv\u011btlovac\u00ed techniky,<\/li><li>poradenskou \u010dinnost v oblasti filmov\u00e9 tvorby,<\/li><li>poradenskou \u010dinnost v oblasti reklamy,<\/li><li>po\u0159\u00e1d\u00e1n\u00ed kulturn\u00edch akc\u00ed,<\/li><li>po\u0159\u00e1d\u00e1n\u00ed firemn\u00edch akc\u00ed,<\/li><li>poskytov\u00e1n\u00ed kompletn\u00edho servisu komunika\u010dn\u00edm agentur\u00e1m.<\/li><\/ul>\n\n\n\n<p><\/p>\n","protected":false},"excerpt":{"rendered":"<p>Na\u0161e spole\u010dnost byla zalo\u017eena ji\u017e v roce 1994 a nab\u00edz\u00ed zejm\u00e9na tyto slu\u017eby : tvorbu televizn\u00edch a rozhlasov\u00fdch po\u0159ad\u016f a reklamn\u00edch spot\u016f,<\/p>\n<p class=\"link-more\"><a class=\"myButt \" href=\"https:\/\/www.spilberkproduction.cz\/\">Read More<\/a><\/p>\n","protected":false},"author":1,"featured_media":0,"parent":0,"menu_order":0,"comment_status":"closed","ping_status":"closed","template":"","meta":{"footnotes":""},"class_list":["post-2","page","type-page","status-publish","hentry"],"_links":{"self":[{"href":"https:\/\/www.spilberkproduction.cz\/index.php\/wp-json\/wp\/v2\/pages\/2","targetHints":{"allow":["GET"]}}],"collection":[{"href":"https:\/\/www.spilberkproduction.cz\/index.php\/wp-json\/wp\/v2\/pages"}],"about":[{"href":"https:\/\/www.spilberkproduction.cz\/index.php\/wp-json\/wp\/v2\/types\/page"}],"author":[{"embeddable":true,"href":"https:\/\/www.spilberkproduction.cz\/index.php\/wp-json\/wp\/v2\/users\/1"}],"replies":[{"embeddable":true,"href":"https:\/\/www.spilberkproduction.cz\/index.php\/wp-json\/wp\/v2\/comments?post=2"}],"version-history":[{"count":14,"href":"https:\/\/www.spilberkproduction.cz\/index.php\/wp-json\/wp\/v2\/pages\/2\/revisions"}],"predecessor-version":[{"id":72,"href":"https:\/\/www.spilberkproduction.cz\/index.php\/wp-json\/wp\/v2\/pages\/2\/revisions\/72"}],"wp:attachment":[{"href":"https:\/\/www.spilberkproduction.cz\/index.php\/wp-json\/wp\/v2\/media?parent=2"}],"curies":[{"name":"wp","href":"https:\/\/api.w.org\/{rel}","templated":true}]}}