{"id":6,"date":"2021-03-07T23:52:01","date_gmt":"2021-03-07T23:52:01","guid":{"rendered":"http:\/\/www.spilberkproduction.cz\/?page_id=6"},"modified":"2021-03-09T20:38:24","modified_gmt":"2021-03-09T19:38:24","slug":"kontakt","status":"publish","type":"page","link":"https:\/\/www.spilberkproduction.cz\/index.php\/kontakt\/","title":{"rendered":"Kontakt"},"content":{"rendered":"\n<p><strong>STUDIO \u0160PILBERK PRODUCTION s.r.o.<\/strong><\/p>\n\n\n\n<p>Perunova 57\/32,<br>619 00 Brno<\/p>\n\n\n\n<p>I\u010cO:60722835<br>DI\u010c:CZ60722835<\/p>\n\n\n\n<p>Emil Kop\u0159iva, jednatel<br>Tel: +420 530 330 597<br><a href=\"mailto:info@spilberkproduction.cz\">info@spilberkproduction.cz<\/a><\/p>\n","protected":false},"excerpt":{"rendered":"<p>STUDIO \u0160PILBERK PRODUCTION s.r.o. Perunova 57\/32,619 00 Brno I\u010cO:60722835DI\u010c:CZ60722835 Emil Kop\u0159iva, jednatelTel: +420 530 330 597info@spilberkproduction.cz<\/p>\n","protected":false},"author":1,"featured_media":0,"parent":0,"menu_order":0,"comment_status":"closed","ping_status":"closed","template":"","meta":{"footnotes":""},"class_list":["post-6","page","type-page","status-publish","hentry"],"_links":{"self":[{"href":"https:\/\/www.spilberkproduction.cz\/index.php\/wp-json\/wp\/v2\/pages\/6","targetHints":{"allow":["GET"]}}],"collection":[{"href":"https:\/\/www.spilberkproduction.cz\/index.php\/wp-json\/wp\/v2\/pages"}],"about":[{"href":"https:\/\/www.spilberkproduction.cz\/index.php\/wp-json\/wp\/v2\/types\/page"}],"author":[{"embeddable":true,"href":"https:\/\/www.spilberkproduction.cz\/index.php\/wp-json\/wp\/v2\/users\/1"}],"replies":[{"embeddable":true,"href":"https:\/\/www.spilberkproduction.cz\/index.php\/wp-json\/wp\/v2\/comments?post=6"}],"version-history":[{"count":7,"href":"https:\/\/www.spilberkproduction.cz\/index.php\/wp-json\/wp\/v2\/pages\/6\/revisions"}],"predecessor-version":[{"id":69,"href":"https:\/\/www.spilberkproduction.cz\/index.php\/wp-json\/wp\/v2\/pages\/6\/revisions\/69"}],"wp:attachment":[{"href":"https:\/\/www.spilberkproduction.cz\/index.php\/wp-json\/wp\/v2\/media?parent=6"}],"curies":[{"name":"wp","href":"https:\/\/api.w.org\/{rel}","templated":true}]}}